{"id":6990,"date":"2023-06-16T11:17:42","date_gmt":"2023-06-16T09:17:42","guid":{"rendered":"https:\/\/hofmann-glas.com\/?post_type=product&#038;p=6990"},"modified":"2023-12-01T12:53:57","modified_gmt":"2023-12-01T11:53:57","slug":"one-way-stopcocks-din-12-541-kopie-kopie-kopie-kopie-kopie-kopie-kopie-kopie-kopie-kopie-kopie-kopie-kopie-kopie-kopie-kopie-kopie-kopie-kopie-kopie-kopie-ko-35","status":"publish","type":"product","link":"https:\/\/hofmann-glas.com\/en\/produkt\/one-way-stopcocks-din-12-541-kopie-kopie-kopie-kopie-kopie-kopie-kopie-kopie-kopie-kopie-kopie-kopie-kopie-kopie-kopie-kopie-kopie-kopie-kopie-kopie-kopie-ko-35\/","title":{"rendered":"Flat flange reaction vessels"},"content":{"rendered":"","protected":false},"excerpt":{"rendered":"<p><i>cylindrical, without graduation, <\/i><i>bottom half-round, neck with <\/i><i>ground flat flange with groove<\/i><\/p>\n<p><a href=\"https:\/\/hofmann-glas.com\/wp-content\/uploads\/2023\/06\/26200.png\"><img loading=\"lazy\" decoding=\"async\" class=\"alignleft wp-image-6991 size-full\" src=\"https:\/\/hofmann-glas.com\/wp-content\/uploads\/2023\/06\/26200.png\" alt=\"\" width=\"184\" height=\"225\" srcset=\"https:\/\/hofmann-glas.com\/wp-content\/uploads\/2023\/06\/26200.png 184w, https:\/\/hofmann-glas.com\/wp-content\/uploads\/2023\/06\/26200-150x183.png 150w\" sizes=\"auto, (max-width: 184px) 100vw, 184px\" \/><\/a><\/p>\n<table border=\"0\" width=\"522\" cellspacing=\"0\" cellpadding=\"0\">\n<colgroup>\n<col span=\"6\" width=\"87\" \/><\/colgroup>\n<tbody>\n<tr>\n<td class=\"xl66\" width=\"87\" height=\"93\">Artikel-Nr. \/ Article-No.<\/td>\n<td class=\"xl71\" width=\"87\">Laborflansch<br \/>\nLaboratory flange<br \/>\nNW -LF-DN<\/td>\n<td class=\"xl71\" width=\"87\">AD Flansch<br \/>\nOutside Dia flange<br \/>\nmm<\/td>\n<td class=\"xl72\" width=\"87\">Volumen<br \/>\ncapacity<br \/>\nml<\/td>\n<td class=\"xl71\" width=\"87\">H\u00f6he<br \/>\nHeight<br \/>\nmm<\/td>\n<td class=\"xl67\" width=\"87\">Gef\u00e4\u00df Drm.<br \/>\nVessl Dia.<br \/>\nMm<\/td>\n<\/tr>\n<tr>\n<td class=\"xl68\" height=\"19\">26200.61<\/td>\n<td class=\"xl69\" width=\"87\">60<\/td>\n<td class=\"xl70\" width=\"87\">100<\/td>\n<td class=\"xl73\" width=\"87\">100<\/td>\n<td class=\"xl69\" width=\"87\">85<\/td>\n<td class=\"xl74\" width=\"87\">70<\/td>\n<\/tr>\n<tr>\n<td class=\"xl68\" height=\"19\">26200.67<\/td>\n<td class=\"xl69\" width=\"87\">60<\/td>\n<td class=\"xl70\" width=\"87\">100<\/td>\n<td class=\"xl73\" width=\"87\">250<\/td>\n<td class=\"xl69\" width=\"87\">125<\/td>\n<td class=\"xl74\" width=\"87\">70<\/td>\n<\/tr>\n<tr>\n<td class=\"xl68\" height=\"19\">26202.71<\/td>\n<td class=\"xl69\" width=\"87\">100<\/td>\n<td class=\"xl70\" width=\"87\">138<\/td>\n<td class=\"xl73\" width=\"87\">500<\/td>\n<td class=\"xl69\" width=\"87\">120<\/td>\n<td class=\"xl74\" width=\"87\">110<\/td>\n<\/tr>\n<tr>\n<td class=\"xl68\" height=\"19\">26202.75<\/td>\n<td class=\"xl69\" width=\"87\">100<\/td>\n<td class=\"xl70\" width=\"87\">138<\/td>\n<td class=\"xl73\" width=\"87\">100<\/td>\n<td class=\"xl69\" width=\"87\">205<\/td>\n<td class=\"xl74\" width=\"87\">110<\/td>\n<\/tr>\n<tr>\n<td class=\"xl68\" height=\"19\">26202.79<\/td>\n<td class=\"xl69\" width=\"87\">100<\/td>\n<td class=\"xl70\" width=\"87\">138<\/td>\n<td class=\"xl73\" width=\"87\">200<\/td>\n<td class=\"xl69\" width=\"87\">270<\/td>\n<td class=\"xl74\" width=\"87\">140<\/td>\n<\/tr>\n<tr>\n<td class=\"xl68\" height=\"19\">26202.83<\/td>\n<td class=\"xl69\" width=\"87\">100<\/td>\n<td class=\"xl70\" width=\"87\">138<\/td>\n<td class=\"xl73\" width=\"87\">300<\/td>\n<td class=\"xl69\" width=\"87\">295<\/td>\n<td class=\"xl74\" width=\"87\">140<\/td>\n<\/tr>\n<tr>\n<td class=\"xl68\" height=\"19\">26204.85<\/td>\n<td class=\"xl69\" width=\"87\">150<\/td>\n<td class=\"xl70\" width=\"87\">184<\/td>\n<td class=\"xl73\" width=\"87\">400<\/td>\n<td class=\"xl69\" width=\"87\">290<\/td>\n<td class=\"xl74\" width=\"87\">200<\/td>\n<\/tr>\n<tr>\n<td class=\"xl68\" height=\"19\">26204.89<\/td>\n<td class=\"xl69\" width=\"87\">150<\/td>\n<td class=\"xl70\" width=\"87\">184<\/td>\n<td class=\"xl73\" width=\"87\">6.000<\/td>\n<td class=\"xl69\" width=\"87\">320<\/td>\n<td class=\"xl74\" width=\"87\">215<\/td>\n<\/tr>\n<tr>\n<td class=\"xl68\" height=\"19\">26204.91<\/td>\n<td class=\"xl69\" width=\"87\">150<\/td>\n<td class=\"xl70\" width=\"87\">184<\/td>\n<td class=\"xl73\" width=\"87\">10.000<\/td>\n<td class=\"xl69\" width=\"87\">410<\/td>\n<td class=\"xl74\" width=\"87\">240<\/td>\n<\/tr>\n<\/tbody>\n<\/table>\n","protected":false},"featured_media":7579,"template":"","meta":[],"product_brand":[],"product_cat":[214],"product_tag":[],"class_list":{"0":"post-6990","1":"product","2":"type-product","3":"status-publish","4":"has-post-thumbnail","6":"product_cat-components-for-reaction","8":"first","9":"instock","10":"taxable","11":"shipping-taxable","12":"product-type-simple"},"yoast_head":"<!-- This site is optimized with the Yoast SEO plugin v27.3 - https:\/\/yoast.com\/product\/yoast-seo-wordpress\/ -->\n<title>Flat flange reaction vessels - Hofmann Glastechnik<\/title>\n<meta name=\"robots\" content=\"index, follow, max-snippet:-1, max-image-preview:large, max-video-preview:-1\" \/>\n<link rel=\"canonical\" href=\"https:\/\/hofmann-glas.com\/en\/produkt\/one-way-stopcocks-din-12-541-kopie-kopie-kopie-kopie-kopie-kopie-kopie-kopie-kopie-kopie-kopie-kopie-kopie-kopie-kopie-kopie-kopie-kopie-kopie-kopie-kopie-ko-35\/\" \/>\n<meta property=\"og:locale\" content=\"en_US\" \/>\n<meta property=\"og:type\" content=\"article\" \/>\n<meta property=\"og:title\" content=\"Flat flange reaction vessels - Hofmann Glastechnik\" \/>\n<meta property=\"og:description\" content=\"cylindrical, without graduation, bottom half-round, neck with ground flat flange with groove       Artikel-Nr. \/ Article-No. Laborflansch Laboratory flange NW -LF-DN AD Flansch Outside Dia flange mm Volumen capacity ml H\u00f6he Height mm Gef\u00e4\u00df Drm. Vessl Dia. Mm   26200.61 60 100 100 85 70   26200.67 60 100 250 125 70   26202.71 100 138 500 120 110   26202.75 100 138 100 205 110   26202.79 100 138 200 270 140   26202.83 100 138 300 295 140   26204.85 150 184 400 290 200   26204.89 150 184 6.000 320 215   26204.91 150 184 10.000 410 240\" \/>\n<meta property=\"og:url\" content=\"https:\/\/hofmann-glas.com\/en\/produkt\/one-way-stopcocks-din-12-541-kopie-kopie-kopie-kopie-kopie-kopie-kopie-kopie-kopie-kopie-kopie-kopie-kopie-kopie-kopie-kopie-kopie-kopie-kopie-kopie-kopie-ko-35\/\" \/>\n<meta property=\"og:site_name\" content=\"Hofmann Glastechnik\" \/>\n<meta property=\"article:publisher\" content=\"https:\/\/www.facebook.com\/hofmannglastechnik\" \/>\n<meta property=\"article:modified_time\" content=\"2023-12-01T11:53:57+00:00\" \/>\n<meta property=\"og:image\" content=\"https:\/\/hofmann-glas.com\/wp-content\/uploads\/2023\/06\/26202-75.jpg\" \/>\n\t<meta property=\"og:image:width\" content=\"2018\" \/>\n\t<meta property=\"og:image:height\" content=\"2017\" \/>\n\t<meta property=\"og:image:type\" content=\"image\/jpeg\" \/>\n<meta name=\"twitter:card\" content=\"summary_large_image\" \/>\n<script type=\"application\/ld+json\" class=\"yoast-schema-graph\">{\"@context\":\"https:\\\/\\\/schema.org\",\"@graph\":[{\"@type\":\"WebPage\",\"@id\":\"https:\\\/\\\/hofmann-glas.com\\\/en\\\/produkt\\\/one-way-stopcocks-din-12-541-kopie-kopie-kopie-kopie-kopie-kopie-kopie-kopie-kopie-kopie-kopie-kopie-kopie-kopie-kopie-kopie-kopie-kopie-kopie-kopie-kopie-ko-35\\\/\",\"url\":\"https:\\\/\\\/hofmann-glas.com\\\/en\\\/produkt\\\/one-way-stopcocks-din-12-541-kopie-kopie-kopie-kopie-kopie-kopie-kopie-kopie-kopie-kopie-kopie-kopie-kopie-kopie-kopie-kopie-kopie-kopie-kopie-kopie-kopie-ko-35\\\/\",\"name\":\"Flat flange reaction vessels - Hofmann Glastechnik\",\"isPartOf\":{\"@id\":\"https:\\\/\\\/hofmann-glas.com\\\/#website\"},\"primaryImageOfPage\":{\"@id\":\"https:\\\/\\\/hofmann-glas.com\\\/en\\\/produkt\\\/one-way-stopcocks-din-12-541-kopie-kopie-kopie-kopie-kopie-kopie-kopie-kopie-kopie-kopie-kopie-kopie-kopie-kopie-kopie-kopie-kopie-kopie-kopie-kopie-kopie-ko-35\\\/#primaryimage\"},\"image\":{\"@id\":\"https:\\\/\\\/hofmann-glas.com\\\/en\\\/produkt\\\/one-way-stopcocks-din-12-541-kopie-kopie-kopie-kopie-kopie-kopie-kopie-kopie-kopie-kopie-kopie-kopie-kopie-kopie-kopie-kopie-kopie-kopie-kopie-kopie-kopie-ko-35\\\/#primaryimage\"},\"thumbnailUrl\":\"https:\\\/\\\/hofmann-glas.com\\\/wp-content\\\/uploads\\\/2023\\\/06\\\/26202-75.jpg\",\"datePublished\":\"2023-06-16T09:17:42+00:00\",\"dateModified\":\"2023-12-01T11:53:57+00:00\",\"breadcrumb\":{\"@id\":\"https:\\\/\\\/hofmann-glas.com\\\/en\\\/produkt\\\/one-way-stopcocks-din-12-541-kopie-kopie-kopie-kopie-kopie-kopie-kopie-kopie-kopie-kopie-kopie-kopie-kopie-kopie-kopie-kopie-kopie-kopie-kopie-kopie-kopie-ko-35\\\/#breadcrumb\"},\"inLanguage\":\"en-US\",\"potentialAction\":[{\"@type\":\"ReadAction\",\"target\":[\"https:\\\/\\\/hofmann-glas.com\\\/en\\\/produkt\\\/one-way-stopcocks-din-12-541-kopie-kopie-kopie-kopie-kopie-kopie-kopie-kopie-kopie-kopie-kopie-kopie-kopie-kopie-kopie-kopie-kopie-kopie-kopie-kopie-kopie-ko-35\\\/\"]}]},{\"@type\":\"ImageObject\",\"inLanguage\":\"en-US\",\"@id\":\"https:\\\/\\\/hofmann-glas.com\\\/en\\\/produkt\\\/one-way-stopcocks-din-12-541-kopie-kopie-kopie-kopie-kopie-kopie-kopie-kopie-kopie-kopie-kopie-kopie-kopie-kopie-kopie-kopie-kopie-kopie-kopie-kopie-kopie-ko-35\\\/#primaryimage\",\"url\":\"https:\\\/\\\/hofmann-glas.com\\\/wp-content\\\/uploads\\\/2023\\\/06\\\/26202-75.jpg\",\"contentUrl\":\"https:\\\/\\\/hofmann-glas.com\\\/wp-content\\\/uploads\\\/2023\\\/06\\\/26202-75.jpg\",\"width\":2018,\"height\":2017},{\"@type\":\"BreadcrumbList\",\"@id\":\"https:\\\/\\\/hofmann-glas.com\\\/en\\\/produkt\\\/one-way-stopcocks-din-12-541-kopie-kopie-kopie-kopie-kopie-kopie-kopie-kopie-kopie-kopie-kopie-kopie-kopie-kopie-kopie-kopie-kopie-kopie-kopie-kopie-kopie-ko-35\\\/#breadcrumb\",\"itemListElement\":[{\"@type\":\"ListItem\",\"position\":1,\"name\":\"Startseite\",\"item\":\"https:\\\/\\\/hofmann-glas.com\\\/en\\\/\"},{\"@type\":\"ListItem\",\"position\":2,\"name\":\"Products\",\"item\":\"https:\\\/\\\/hofmann-glas.com\\\/produkte\\\/\"},{\"@type\":\"ListItem\",\"position\":3,\"name\":\"Flat flange reaction vessels\"}]},{\"@type\":\"WebSite\",\"@id\":\"https:\\\/\\\/hofmann-glas.com\\\/#website\",\"url\":\"https:\\\/\\\/hofmann-glas.com\\\/\",\"name\":\"Hofmann Glastechnik\",\"description\":\"\",\"publisher\":{\"@id\":\"https:\\\/\\\/hofmann-glas.com\\\/#organization\"},\"potentialAction\":[{\"@type\":\"SearchAction\",\"target\":{\"@type\":\"EntryPoint\",\"urlTemplate\":\"https:\\\/\\\/hofmann-glas.com\\\/?s={search_term_string}\"},\"query-input\":{\"@type\":\"PropertyValueSpecification\",\"valueRequired\":true,\"valueName\":\"search_term_string\"}}],\"inLanguage\":\"en-US\"},{\"@type\":\"Organization\",\"@id\":\"https:\\\/\\\/hofmann-glas.com\\\/#organization\",\"name\":\"Hofmann Glastechnik GmbH\",\"url\":\"https:\\\/\\\/hofmann-glas.com\\\/\",\"logo\":{\"@type\":\"ImageObject\",\"inLanguage\":\"en-US\",\"@id\":\"https:\\\/\\\/hofmann-glas.com\\\/#\\\/schema\\\/logo\\\/image\\\/\",\"url\":\"https:\\\/\\\/hofmann-glas.com\\\/wp-content\\\/uploads\\\/2024\\\/03\\\/Logo_HofmannGlastechnik_HP.png\",\"contentUrl\":\"https:\\\/\\\/hofmann-glas.com\\\/wp-content\\\/uploads\\\/2024\\\/03\\\/Logo_HofmannGlastechnik_HP.png\",\"width\":2419,\"height\":548,\"caption\":\"Hofmann Glastechnik GmbH\"},\"image\":{\"@id\":\"https:\\\/\\\/hofmann-glas.com\\\/#\\\/schema\\\/logo\\\/image\\\/\"},\"sameAs\":[\"https:\\\/\\\/www.facebook.com\\\/hofmannglastechnik\",\"https:\\\/\\\/www.youtube.com\\\/channel\\\/UCgBpeUEt6MJhI3zdU51RfFA\"]}]}<\/script>\n<!-- \/ Yoast SEO plugin. -->","yoast_head_json":{"title":"Flat flange reaction vessels - Hofmann Glastechnik","robots":{"index":"index","follow":"follow","max-snippet":"max-snippet:-1","max-image-preview":"max-image-preview:large","max-video-preview":"max-video-preview:-1"},"canonical":"https:\/\/hofmann-glas.com\/en\/produkt\/one-way-stopcocks-din-12-541-kopie-kopie-kopie-kopie-kopie-kopie-kopie-kopie-kopie-kopie-kopie-kopie-kopie-kopie-kopie-kopie-kopie-kopie-kopie-kopie-kopie-ko-35\/","og_locale":"en_US","og_type":"article","og_title":"Flat flange reaction vessels - Hofmann Glastechnik","og_description":"cylindrical, without graduation, bottom half-round, neck with ground flat flange with groove       Artikel-Nr. \/ Article-No. Laborflansch Laboratory flange NW -LF-DN AD Flansch Outside Dia flange mm Volumen capacity ml H\u00f6he Height mm Gef\u00e4\u00df Drm. Vessl Dia. Mm   26200.61 60 100 100 85 70   26200.67 60 100 250 125 70   26202.71 100 138 500 120 110   26202.75 100 138 100 205 110   26202.79 100 138 200 270 140   26202.83 100 138 300 295 140   26204.85 150 184 400 290 200   26204.89 150 184 6.000 320 215   26204.91 150 184 10.000 410 240","og_url":"https:\/\/hofmann-glas.com\/en\/produkt\/one-way-stopcocks-din-12-541-kopie-kopie-kopie-kopie-kopie-kopie-kopie-kopie-kopie-kopie-kopie-kopie-kopie-kopie-kopie-kopie-kopie-kopie-kopie-kopie-kopie-ko-35\/","og_site_name":"Hofmann Glastechnik","article_publisher":"https:\/\/www.facebook.com\/hofmannglastechnik","article_modified_time":"2023-12-01T11:53:57+00:00","og_image":[{"width":2018,"height":2017,"url":"https:\/\/hofmann-glas.com\/wp-content\/uploads\/2023\/06\/26202-75.jpg","type":"image\/jpeg"}],"twitter_card":"summary_large_image","schema":{"@context":"https:\/\/schema.org","@graph":[{"@type":"WebPage","@id":"https:\/\/hofmann-glas.com\/en\/produkt\/one-way-stopcocks-din-12-541-kopie-kopie-kopie-kopie-kopie-kopie-kopie-kopie-kopie-kopie-kopie-kopie-kopie-kopie-kopie-kopie-kopie-kopie-kopie-kopie-kopie-ko-35\/","url":"https:\/\/hofmann-glas.com\/en\/produkt\/one-way-stopcocks-din-12-541-kopie-kopie-kopie-kopie-kopie-kopie-kopie-kopie-kopie-kopie-kopie-kopie-kopie-kopie-kopie-kopie-kopie-kopie-kopie-kopie-kopie-ko-35\/","name":"Flat flange reaction vessels - Hofmann Glastechnik","isPartOf":{"@id":"https:\/\/hofmann-glas.com\/#website"},"primaryImageOfPage":{"@id":"https:\/\/hofmann-glas.com\/en\/produkt\/one-way-stopcocks-din-12-541-kopie-kopie-kopie-kopie-kopie-kopie-kopie-kopie-kopie-kopie-kopie-kopie-kopie-kopie-kopie-kopie-kopie-kopie-kopie-kopie-kopie-ko-35\/#primaryimage"},"image":{"@id":"https:\/\/hofmann-glas.com\/en\/produkt\/one-way-stopcocks-din-12-541-kopie-kopie-kopie-kopie-kopie-kopie-kopie-kopie-kopie-kopie-kopie-kopie-kopie-kopie-kopie-kopie-kopie-kopie-kopie-kopie-kopie-ko-35\/#primaryimage"},"thumbnailUrl":"https:\/\/hofmann-glas.com\/wp-content\/uploads\/2023\/06\/26202-75.jpg","datePublished":"2023-06-16T09:17:42+00:00","dateModified":"2023-12-01T11:53:57+00:00","breadcrumb":{"@id":"https:\/\/hofmann-glas.com\/en\/produkt\/one-way-stopcocks-din-12-541-kopie-kopie-kopie-kopie-kopie-kopie-kopie-kopie-kopie-kopie-kopie-kopie-kopie-kopie-kopie-kopie-kopie-kopie-kopie-kopie-kopie-ko-35\/#breadcrumb"},"inLanguage":"en-US","potentialAction":[{"@type":"ReadAction","target":["https:\/\/hofmann-glas.com\/en\/produkt\/one-way-stopcocks-din-12-541-kopie-kopie-kopie-kopie-kopie-kopie-kopie-kopie-kopie-kopie-kopie-kopie-kopie-kopie-kopie-kopie-kopie-kopie-kopie-kopie-kopie-ko-35\/"]}]},{"@type":"ImageObject","inLanguage":"en-US","@id":"https:\/\/hofmann-glas.com\/en\/produkt\/one-way-stopcocks-din-12-541-kopie-kopie-kopie-kopie-kopie-kopie-kopie-kopie-kopie-kopie-kopie-kopie-kopie-kopie-kopie-kopie-kopie-kopie-kopie-kopie-kopie-ko-35\/#primaryimage","url":"https:\/\/hofmann-glas.com\/wp-content\/uploads\/2023\/06\/26202-75.jpg","contentUrl":"https:\/\/hofmann-glas.com\/wp-content\/uploads\/2023\/06\/26202-75.jpg","width":2018,"height":2017},{"@type":"BreadcrumbList","@id":"https:\/\/hofmann-glas.com\/en\/produkt\/one-way-stopcocks-din-12-541-kopie-kopie-kopie-kopie-kopie-kopie-kopie-kopie-kopie-kopie-kopie-kopie-kopie-kopie-kopie-kopie-kopie-kopie-kopie-kopie-kopie-ko-35\/#breadcrumb","itemListElement":[{"@type":"ListItem","position":1,"name":"Startseite","item":"https:\/\/hofmann-glas.com\/en\/"},{"@type":"ListItem","position":2,"name":"Products","item":"https:\/\/hofmann-glas.com\/produkte\/"},{"@type":"ListItem","position":3,"name":"Flat flange reaction vessels"}]},{"@type":"WebSite","@id":"https:\/\/hofmann-glas.com\/#website","url":"https:\/\/hofmann-glas.com\/","name":"Hofmann Glastechnik","description":"","publisher":{"@id":"https:\/\/hofmann-glas.com\/#organization"},"potentialAction":[{"@type":"SearchAction","target":{"@type":"EntryPoint","urlTemplate":"https:\/\/hofmann-glas.com\/?s={search_term_string}"},"query-input":{"@type":"PropertyValueSpecification","valueRequired":true,"valueName":"search_term_string"}}],"inLanguage":"en-US"},{"@type":"Organization","@id":"https:\/\/hofmann-glas.com\/#organization","name":"Hofmann Glastechnik GmbH","url":"https:\/\/hofmann-glas.com\/","logo":{"@type":"ImageObject","inLanguage":"en-US","@id":"https:\/\/hofmann-glas.com\/#\/schema\/logo\/image\/","url":"https:\/\/hofmann-glas.com\/wp-content\/uploads\/2024\/03\/Logo_HofmannGlastechnik_HP.png","contentUrl":"https:\/\/hofmann-glas.com\/wp-content\/uploads\/2024\/03\/Logo_HofmannGlastechnik_HP.png","width":2419,"height":548,"caption":"Hofmann Glastechnik GmbH"},"image":{"@id":"https:\/\/hofmann-glas.com\/#\/schema\/logo\/image\/"},"sameAs":["https:\/\/www.facebook.com\/hofmannglastechnik","https:\/\/www.youtube.com\/channel\/UCgBpeUEt6MJhI3zdU51RfFA"]}]}},"_links":{"self":[{"href":"https:\/\/hofmann-glas.com\/en\/wp-json\/wp\/v2\/product\/6990","targetHints":{"allow":["GET"]}}],"collection":[{"href":"https:\/\/hofmann-glas.com\/en\/wp-json\/wp\/v2\/product"}],"about":[{"href":"https:\/\/hofmann-glas.com\/en\/wp-json\/wp\/v2\/types\/product"}],"wp:featuredmedia":[{"embeddable":true,"href":"https:\/\/hofmann-glas.com\/en\/wp-json\/wp\/v2\/media\/7579"}],"wp:attachment":[{"href":"https:\/\/hofmann-glas.com\/en\/wp-json\/wp\/v2\/media?parent=6990"}],"wp:term":[{"taxonomy":"product_brand","embeddable":true,"href":"https:\/\/hofmann-glas.com\/en\/wp-json\/wp\/v2\/product_brand?post=6990"},{"taxonomy":"product_cat","embeddable":true,"href":"https:\/\/hofmann-glas.com\/en\/wp-json\/wp\/v2\/product_cat?post=6990"},{"taxonomy":"product_tag","embeddable":true,"href":"https:\/\/hofmann-glas.com\/en\/wp-json\/wp\/v2\/product_tag?post=6990"}],"curies":[{"name":"wp","href":"https:\/\/api.w.org\/{rel}","templated":true}]}}