{"id":6994,"date":"2023-06-16T11:27:34","date_gmt":"2023-06-16T09:27:34","guid":{"rendered":"https:\/\/hofmann-glas.com\/?post_type=product&#038;p=6994"},"modified":"2023-12-01T12:54:29","modified_gmt":"2023-12-01T11:54:29","slug":"one-way-stopcocks-din-12-541-kopie-kopie-kopie-kopie-kopie-kopie-kopie-kopie-kopie-kopie-kopie-kopie-kopie-kopie-kopie-kopie-kopie-kopie-kopie-kopie-kopie-ko-36","status":"publish","type":"product","link":"https:\/\/hofmann-glas.com\/en\/produkt\/one-way-stopcocks-din-12-541-kopie-kopie-kopie-kopie-kopie-kopie-kopie-kopie-kopie-kopie-kopie-kopie-kopie-kopie-kopie-kopie-kopie-kopie-kopie-kopie-kopie-ko-36\/","title":{"rendered":"Beakers flat flange"},"content":{"rendered":"","protected":false},"excerpt":{"rendered":"<p>with groove<\/p>\n<p><a href=\"https:\/\/hofmann-glas.com\/wp-content\/uploads\/2023\/06\/26209.png\"><img loading=\"lazy\" decoding=\"async\" class=\"alignleft wp-image-6995 size-full\" src=\"https:\/\/hofmann-glas.com\/wp-content\/uploads\/2023\/06\/26209.png\" alt=\"\" width=\"184\" height=\"225\" srcset=\"https:\/\/hofmann-glas.com\/wp-content\/uploads\/2023\/06\/26209.png 184w, https:\/\/hofmann-glas.com\/wp-content\/uploads\/2023\/06\/26209-150x183.png 150w\" sizes=\"auto, (max-width: 184px) 100vw, 184px\" \/><\/a><\/p>\n<table border=\"0\" width=\"522\" cellspacing=\"0\" cellpadding=\"0\">\n<colgroup>\n<col span=\"6\" width=\"87\" \/><\/colgroup>\n<tbody>\n<tr>\n<td class=\"xl66\" width=\"87\" height=\"93\">Artikel-Nr. \/ Article-No.<\/td>\n<td class=\"xl71\" width=\"87\">Laborflansch<br \/>\nLaboratory flange<br \/>\nNW -LF-DN<\/td>\n<td class=\"xl71\" width=\"87\">AD Flansch<br \/>\nOutside Dia flange<br \/>\nmm<\/td>\n<td class=\"xl72\" width=\"87\">Volumen<br \/>\ncapacity<br \/>\nml<\/td>\n<td class=\"xl71\" width=\"87\">H\u00f6he<br \/>\nHeight<br \/>\nmm<\/td>\n<td class=\"xl67\" width=\"87\">Gef\u00e4\u00df Drm.<br \/>\nVessl Dia.<br \/>\nMm<\/td>\n<\/tr>\n<tr>\n<td class=\"xl68\" height=\"19\">26209.75<\/td>\n<td class=\"xl69\" width=\"87\">120<\/td>\n<td class=\"xl70\" width=\"87\">158<\/td>\n<td class=\"xl73\" width=\"87\">1.000<\/td>\n<td class=\"xl69\" width=\"87\">125<\/td>\n<td class=\"xl74\" width=\"87\">130<\/td>\n<\/tr>\n<tr>\n<td class=\"xl68\" height=\"19\">26209.79<\/td>\n<td class=\"xl69\" width=\"87\">120<\/td>\n<td class=\"xl70\" width=\"87\">158<\/td>\n<td class=\"xl73\" width=\"87\">2.000<\/td>\n<td class=\"xl69\" width=\"87\">200<\/td>\n<td class=\"xl74\" width=\"87\">130<\/td>\n<\/tr>\n<tr>\n<td class=\"xl68\" height=\"19\">26209.83<\/td>\n<td class=\"xl69\" width=\"87\">120<\/td>\n<td class=\"xl70\" width=\"87\">158<\/td>\n<td class=\"xl73\" width=\"87\">3.000<\/td>\n<td class=\"xl69\" width=\"87\">290<\/td>\n<td class=\"xl74\" width=\"87\">130<\/td>\n<\/tr>\n<tr>\n<td class=\"xl68\" height=\"19\">26210.75<\/td>\n<td class=\"xl69\" width=\"87\">120<\/td>\n<td class=\"xl70\" width=\"87\">158<\/td>\n<td class=\"xl73\" width=\"87\">1.000<\/td>\n<td class=\"xl69\" width=\"87\">120<\/td>\n<td class=\"xl74\" width=\"87\">160<\/td>\n<\/tr>\n<tr>\n<td class=\"xl68\" height=\"19\">26210.79<\/td>\n<td class=\"xl69\" width=\"87\">150<\/td>\n<td class=\"xl70\" width=\"87\">184<\/td>\n<td class=\"xl73\" width=\"87\">2.000<\/td>\n<td class=\"xl69\" width=\"87\">200<\/td>\n<td class=\"xl74\" width=\"87\">160<\/td>\n<\/tr>\n<tr>\n<td class=\"xl68\" height=\"19\">26210.83<\/td>\n<td class=\"xl69\" width=\"87\">150<\/td>\n<td class=\"xl70\" width=\"87\">184<\/td>\n<td class=\"xl73\" width=\"87\">3.000<\/td>\n<td class=\"xl69\" width=\"87\">265<\/td>\n<td class=\"xl74\" width=\"87\">160<\/td>\n<\/tr>\n<\/tbody>\n<\/table>\n<p>&nbsp;<\/p>\n","protected":false},"featured_media":7162,"template":"","meta":[],"product_brand":[],"product_cat":[214],"product_tag":[],"class_list":{"0":"post-6994","1":"product","2":"type-product","3":"status-publish","4":"has-post-thumbnail","6":"product_cat-components-for-reaction","8":"first","9":"instock","10":"taxable","11":"shipping-taxable","12":"product-type-simple"},"yoast_head":"<!-- This site is optimized with the Yoast SEO plugin v27.3 - https:\/\/yoast.com\/product\/yoast-seo-wordpress\/ -->\n<title>Beakers flat flange - Hofmann Glastechnik<\/title>\n<meta name=\"robots\" content=\"index, follow, max-snippet:-1, max-image-preview:large, max-video-preview:-1\" \/>\n<link rel=\"canonical\" href=\"https:\/\/hofmann-glas.com\/en\/produkt\/one-way-stopcocks-din-12-541-kopie-kopie-kopie-kopie-kopie-kopie-kopie-kopie-kopie-kopie-kopie-kopie-kopie-kopie-kopie-kopie-kopie-kopie-kopie-kopie-kopie-ko-36\/\" \/>\n<meta property=\"og:locale\" content=\"en_US\" \/>\n<meta property=\"og:type\" content=\"article\" \/>\n<meta property=\"og:title\" content=\"Beakers flat flange - Hofmann Glastechnik\" \/>\n<meta property=\"og:description\" content=\"with groove       Artikel-Nr. \/ Article-No. Laborflansch Laboratory flange NW -LF-DN AD Flansch Outside Dia flange mm Volumen capacity ml H\u00f6he Height mm Gef\u00e4\u00df Drm. Vessl Dia. Mm   26209.75 120 158 1.000 125 130   26209.79 120 158 2.000 200 130   26209.83 120 158 3.000 290 130   26210.75 120 158 1.000 120 160   26210.79 150 184 2.000 200 160   26210.83 150 184 3.000 265 160    &nbsp;\" \/>\n<meta property=\"og:url\" content=\"https:\/\/hofmann-glas.com\/en\/produkt\/one-way-stopcocks-din-12-541-kopie-kopie-kopie-kopie-kopie-kopie-kopie-kopie-kopie-kopie-kopie-kopie-kopie-kopie-kopie-kopie-kopie-kopie-kopie-kopie-kopie-ko-36\/\" \/>\n<meta property=\"og:site_name\" content=\"Hofmann Glastechnik\" \/>\n<meta property=\"article:publisher\" content=\"https:\/\/www.facebook.com\/hofmannglastechnik\" \/>\n<meta property=\"article:modified_time\" content=\"2023-12-01T11:54:29+00:00\" \/>\n<meta property=\"og:image\" content=\"https:\/\/hofmann-glas.com\/wp-content\/uploads\/2023\/07\/26209-75-scaled.jpg\" \/>\n\t<meta property=\"og:image:width\" content=\"2388\" \/>\n\t<meta property=\"og:image:height\" content=\"2560\" \/>\n\t<meta property=\"og:image:type\" content=\"image\/jpeg\" \/>\n<meta name=\"twitter:card\" content=\"summary_large_image\" \/>\n<script type=\"application\/ld+json\" class=\"yoast-schema-graph\">{\"@context\":\"https:\\\/\\\/schema.org\",\"@graph\":[{\"@type\":\"WebPage\",\"@id\":\"https:\\\/\\\/hofmann-glas.com\\\/en\\\/produkt\\\/one-way-stopcocks-din-12-541-kopie-kopie-kopie-kopie-kopie-kopie-kopie-kopie-kopie-kopie-kopie-kopie-kopie-kopie-kopie-kopie-kopie-kopie-kopie-kopie-kopie-ko-36\\\/\",\"url\":\"https:\\\/\\\/hofmann-glas.com\\\/en\\\/produkt\\\/one-way-stopcocks-din-12-541-kopie-kopie-kopie-kopie-kopie-kopie-kopie-kopie-kopie-kopie-kopie-kopie-kopie-kopie-kopie-kopie-kopie-kopie-kopie-kopie-kopie-ko-36\\\/\",\"name\":\"Beakers flat flange - Hofmann Glastechnik\",\"isPartOf\":{\"@id\":\"https:\\\/\\\/hofmann-glas.com\\\/#website\"},\"primaryImageOfPage\":{\"@id\":\"https:\\\/\\\/hofmann-glas.com\\\/en\\\/produkt\\\/one-way-stopcocks-din-12-541-kopie-kopie-kopie-kopie-kopie-kopie-kopie-kopie-kopie-kopie-kopie-kopie-kopie-kopie-kopie-kopie-kopie-kopie-kopie-kopie-kopie-ko-36\\\/#primaryimage\"},\"image\":{\"@id\":\"https:\\\/\\\/hofmann-glas.com\\\/en\\\/produkt\\\/one-way-stopcocks-din-12-541-kopie-kopie-kopie-kopie-kopie-kopie-kopie-kopie-kopie-kopie-kopie-kopie-kopie-kopie-kopie-kopie-kopie-kopie-kopie-kopie-kopie-ko-36\\\/#primaryimage\"},\"thumbnailUrl\":\"https:\\\/\\\/hofmann-glas.com\\\/wp-content\\\/uploads\\\/2023\\\/07\\\/26209-75-scaled.jpg\",\"datePublished\":\"2023-06-16T09:27:34+00:00\",\"dateModified\":\"2023-12-01T11:54:29+00:00\",\"breadcrumb\":{\"@id\":\"https:\\\/\\\/hofmann-glas.com\\\/en\\\/produkt\\\/one-way-stopcocks-din-12-541-kopie-kopie-kopie-kopie-kopie-kopie-kopie-kopie-kopie-kopie-kopie-kopie-kopie-kopie-kopie-kopie-kopie-kopie-kopie-kopie-kopie-ko-36\\\/#breadcrumb\"},\"inLanguage\":\"en-US\",\"potentialAction\":[{\"@type\":\"ReadAction\",\"target\":[\"https:\\\/\\\/hofmann-glas.com\\\/en\\\/produkt\\\/one-way-stopcocks-din-12-541-kopie-kopie-kopie-kopie-kopie-kopie-kopie-kopie-kopie-kopie-kopie-kopie-kopie-kopie-kopie-kopie-kopie-kopie-kopie-kopie-kopie-ko-36\\\/\"]}]},{\"@type\":\"ImageObject\",\"inLanguage\":\"en-US\",\"@id\":\"https:\\\/\\\/hofmann-glas.com\\\/en\\\/produkt\\\/one-way-stopcocks-din-12-541-kopie-kopie-kopie-kopie-kopie-kopie-kopie-kopie-kopie-kopie-kopie-kopie-kopie-kopie-kopie-kopie-kopie-kopie-kopie-kopie-kopie-ko-36\\\/#primaryimage\",\"url\":\"https:\\\/\\\/hofmann-glas.com\\\/wp-content\\\/uploads\\\/2023\\\/07\\\/26209-75-scaled.jpg\",\"contentUrl\":\"https:\\\/\\\/hofmann-glas.com\\\/wp-content\\\/uploads\\\/2023\\\/07\\\/26209-75-scaled.jpg\",\"width\":2388,\"height\":2560},{\"@type\":\"BreadcrumbList\",\"@id\":\"https:\\\/\\\/hofmann-glas.com\\\/en\\\/produkt\\\/one-way-stopcocks-din-12-541-kopie-kopie-kopie-kopie-kopie-kopie-kopie-kopie-kopie-kopie-kopie-kopie-kopie-kopie-kopie-kopie-kopie-kopie-kopie-kopie-kopie-ko-36\\\/#breadcrumb\",\"itemListElement\":[{\"@type\":\"ListItem\",\"position\":1,\"name\":\"Startseite\",\"item\":\"https:\\\/\\\/hofmann-glas.com\\\/en\\\/\"},{\"@type\":\"ListItem\",\"position\":2,\"name\":\"Products\",\"item\":\"https:\\\/\\\/hofmann-glas.com\\\/produkte\\\/\"},{\"@type\":\"ListItem\",\"position\":3,\"name\":\"Beakers flat flange\"}]},{\"@type\":\"WebSite\",\"@id\":\"https:\\\/\\\/hofmann-glas.com\\\/#website\",\"url\":\"https:\\\/\\\/hofmann-glas.com\\\/\",\"name\":\"Hofmann Glastechnik\",\"description\":\"\",\"publisher\":{\"@id\":\"https:\\\/\\\/hofmann-glas.com\\\/#organization\"},\"potentialAction\":[{\"@type\":\"SearchAction\",\"target\":{\"@type\":\"EntryPoint\",\"urlTemplate\":\"https:\\\/\\\/hofmann-glas.com\\\/?s={search_term_string}\"},\"query-input\":{\"@type\":\"PropertyValueSpecification\",\"valueRequired\":true,\"valueName\":\"search_term_string\"}}],\"inLanguage\":\"en-US\"},{\"@type\":\"Organization\",\"@id\":\"https:\\\/\\\/hofmann-glas.com\\\/#organization\",\"name\":\"Hofmann Glastechnik GmbH\",\"url\":\"https:\\\/\\\/hofmann-glas.com\\\/\",\"logo\":{\"@type\":\"ImageObject\",\"inLanguage\":\"en-US\",\"@id\":\"https:\\\/\\\/hofmann-glas.com\\\/#\\\/schema\\\/logo\\\/image\\\/\",\"url\":\"https:\\\/\\\/hofmann-glas.com\\\/wp-content\\\/uploads\\\/2024\\\/03\\\/Logo_HofmannGlastechnik_HP.png\",\"contentUrl\":\"https:\\\/\\\/hofmann-glas.com\\\/wp-content\\\/uploads\\\/2024\\\/03\\\/Logo_HofmannGlastechnik_HP.png\",\"width\":2419,\"height\":548,\"caption\":\"Hofmann Glastechnik GmbH\"},\"image\":{\"@id\":\"https:\\\/\\\/hofmann-glas.com\\\/#\\\/schema\\\/logo\\\/image\\\/\"},\"sameAs\":[\"https:\\\/\\\/www.facebook.com\\\/hofmannglastechnik\",\"https:\\\/\\\/www.youtube.com\\\/channel\\\/UCgBpeUEt6MJhI3zdU51RfFA\"]}]}<\/script>\n<!-- \/ Yoast SEO plugin. -->","yoast_head_json":{"title":"Beakers flat flange - Hofmann Glastechnik","robots":{"index":"index","follow":"follow","max-snippet":"max-snippet:-1","max-image-preview":"max-image-preview:large","max-video-preview":"max-video-preview:-1"},"canonical":"https:\/\/hofmann-glas.com\/en\/produkt\/one-way-stopcocks-din-12-541-kopie-kopie-kopie-kopie-kopie-kopie-kopie-kopie-kopie-kopie-kopie-kopie-kopie-kopie-kopie-kopie-kopie-kopie-kopie-kopie-kopie-ko-36\/","og_locale":"en_US","og_type":"article","og_title":"Beakers flat flange - Hofmann Glastechnik","og_description":"with groove       Artikel-Nr. \/ Article-No. Laborflansch Laboratory flange NW -LF-DN AD Flansch Outside Dia flange mm Volumen capacity ml H\u00f6he Height mm Gef\u00e4\u00df Drm. Vessl Dia. Mm   26209.75 120 158 1.000 125 130   26209.79 120 158 2.000 200 130   26209.83 120 158 3.000 290 130   26210.75 120 158 1.000 120 160   26210.79 150 184 2.000 200 160   26210.83 150 184 3.000 265 160    &nbsp;","og_url":"https:\/\/hofmann-glas.com\/en\/produkt\/one-way-stopcocks-din-12-541-kopie-kopie-kopie-kopie-kopie-kopie-kopie-kopie-kopie-kopie-kopie-kopie-kopie-kopie-kopie-kopie-kopie-kopie-kopie-kopie-kopie-ko-36\/","og_site_name":"Hofmann Glastechnik","article_publisher":"https:\/\/www.facebook.com\/hofmannglastechnik","article_modified_time":"2023-12-01T11:54:29+00:00","og_image":[{"width":2388,"height":2560,"url":"https:\/\/hofmann-glas.com\/wp-content\/uploads\/2023\/07\/26209-75-scaled.jpg","type":"image\/jpeg"}],"twitter_card":"summary_large_image","schema":{"@context":"https:\/\/schema.org","@graph":[{"@type":"WebPage","@id":"https:\/\/hofmann-glas.com\/en\/produkt\/one-way-stopcocks-din-12-541-kopie-kopie-kopie-kopie-kopie-kopie-kopie-kopie-kopie-kopie-kopie-kopie-kopie-kopie-kopie-kopie-kopie-kopie-kopie-kopie-kopie-ko-36\/","url":"https:\/\/hofmann-glas.com\/en\/produkt\/one-way-stopcocks-din-12-541-kopie-kopie-kopie-kopie-kopie-kopie-kopie-kopie-kopie-kopie-kopie-kopie-kopie-kopie-kopie-kopie-kopie-kopie-kopie-kopie-kopie-ko-36\/","name":"Beakers flat flange - Hofmann Glastechnik","isPartOf":{"@id":"https:\/\/hofmann-glas.com\/#website"},"primaryImageOfPage":{"@id":"https:\/\/hofmann-glas.com\/en\/produkt\/one-way-stopcocks-din-12-541-kopie-kopie-kopie-kopie-kopie-kopie-kopie-kopie-kopie-kopie-kopie-kopie-kopie-kopie-kopie-kopie-kopie-kopie-kopie-kopie-kopie-ko-36\/#primaryimage"},"image":{"@id":"https:\/\/hofmann-glas.com\/en\/produkt\/one-way-stopcocks-din-12-541-kopie-kopie-kopie-kopie-kopie-kopie-kopie-kopie-kopie-kopie-kopie-kopie-kopie-kopie-kopie-kopie-kopie-kopie-kopie-kopie-kopie-ko-36\/#primaryimage"},"thumbnailUrl":"https:\/\/hofmann-glas.com\/wp-content\/uploads\/2023\/07\/26209-75-scaled.jpg","datePublished":"2023-06-16T09:27:34+00:00","dateModified":"2023-12-01T11:54:29+00:00","breadcrumb":{"@id":"https:\/\/hofmann-glas.com\/en\/produkt\/one-way-stopcocks-din-12-541-kopie-kopie-kopie-kopie-kopie-kopie-kopie-kopie-kopie-kopie-kopie-kopie-kopie-kopie-kopie-kopie-kopie-kopie-kopie-kopie-kopie-ko-36\/#breadcrumb"},"inLanguage":"en-US","potentialAction":[{"@type":"ReadAction","target":["https:\/\/hofmann-glas.com\/en\/produkt\/one-way-stopcocks-din-12-541-kopie-kopie-kopie-kopie-kopie-kopie-kopie-kopie-kopie-kopie-kopie-kopie-kopie-kopie-kopie-kopie-kopie-kopie-kopie-kopie-kopie-ko-36\/"]}]},{"@type":"ImageObject","inLanguage":"en-US","@id":"https:\/\/hofmann-glas.com\/en\/produkt\/one-way-stopcocks-din-12-541-kopie-kopie-kopie-kopie-kopie-kopie-kopie-kopie-kopie-kopie-kopie-kopie-kopie-kopie-kopie-kopie-kopie-kopie-kopie-kopie-kopie-ko-36\/#primaryimage","url":"https:\/\/hofmann-glas.com\/wp-content\/uploads\/2023\/07\/26209-75-scaled.jpg","contentUrl":"https:\/\/hofmann-glas.com\/wp-content\/uploads\/2023\/07\/26209-75-scaled.jpg","width":2388,"height":2560},{"@type":"BreadcrumbList","@id":"https:\/\/hofmann-glas.com\/en\/produkt\/one-way-stopcocks-din-12-541-kopie-kopie-kopie-kopie-kopie-kopie-kopie-kopie-kopie-kopie-kopie-kopie-kopie-kopie-kopie-kopie-kopie-kopie-kopie-kopie-kopie-ko-36\/#breadcrumb","itemListElement":[{"@type":"ListItem","position":1,"name":"Startseite","item":"https:\/\/hofmann-glas.com\/en\/"},{"@type":"ListItem","position":2,"name":"Products","item":"https:\/\/hofmann-glas.com\/produkte\/"},{"@type":"ListItem","position":3,"name":"Beakers flat flange"}]},{"@type":"WebSite","@id":"https:\/\/hofmann-glas.com\/#website","url":"https:\/\/hofmann-glas.com\/","name":"Hofmann Glastechnik","description":"","publisher":{"@id":"https:\/\/hofmann-glas.com\/#organization"},"potentialAction":[{"@type":"SearchAction","target":{"@type":"EntryPoint","urlTemplate":"https:\/\/hofmann-glas.com\/?s={search_term_string}"},"query-input":{"@type":"PropertyValueSpecification","valueRequired":true,"valueName":"search_term_string"}}],"inLanguage":"en-US"},{"@type":"Organization","@id":"https:\/\/hofmann-glas.com\/#organization","name":"Hofmann Glastechnik GmbH","url":"https:\/\/hofmann-glas.com\/","logo":{"@type":"ImageObject","inLanguage":"en-US","@id":"https:\/\/hofmann-glas.com\/#\/schema\/logo\/image\/","url":"https:\/\/hofmann-glas.com\/wp-content\/uploads\/2024\/03\/Logo_HofmannGlastechnik_HP.png","contentUrl":"https:\/\/hofmann-glas.com\/wp-content\/uploads\/2024\/03\/Logo_HofmannGlastechnik_HP.png","width":2419,"height":548,"caption":"Hofmann Glastechnik GmbH"},"image":{"@id":"https:\/\/hofmann-glas.com\/#\/schema\/logo\/image\/"},"sameAs":["https:\/\/www.facebook.com\/hofmannglastechnik","https:\/\/www.youtube.com\/channel\/UCgBpeUEt6MJhI3zdU51RfFA"]}]}},"_links":{"self":[{"href":"https:\/\/hofmann-glas.com\/en\/wp-json\/wp\/v2\/product\/6994","targetHints":{"allow":["GET"]}}],"collection":[{"href":"https:\/\/hofmann-glas.com\/en\/wp-json\/wp\/v2\/product"}],"about":[{"href":"https:\/\/hofmann-glas.com\/en\/wp-json\/wp\/v2\/types\/product"}],"wp:featuredmedia":[{"embeddable":true,"href":"https:\/\/hofmann-glas.com\/en\/wp-json\/wp\/v2\/media\/7162"}],"wp:attachment":[{"href":"https:\/\/hofmann-glas.com\/en\/wp-json\/wp\/v2\/media?parent=6994"}],"wp:term":[{"taxonomy":"product_brand","embeddable":true,"href":"https:\/\/hofmann-glas.com\/en\/wp-json\/wp\/v2\/product_brand?post=6994"},{"taxonomy":"product_cat","embeddable":true,"href":"https:\/\/hofmann-glas.com\/en\/wp-json\/wp\/v2\/product_cat?post=6994"},{"taxonomy":"product_tag","embeddable":true,"href":"https:\/\/hofmann-glas.com\/en\/wp-json\/wp\/v2\/product_tag?post=6994"}],"curies":[{"name":"wp","href":"https:\/\/api.w.org\/{rel}","templated":true}]}}