{"id":7082,"date":"2023-06-28T12:18:46","date_gmt":"2023-06-28T10:18:46","guid":{"rendered":"https:\/\/hofmann-glas.com\/?post_type=product&#038;p=7082"},"modified":"2023-12-05T10:06:57","modified_gmt":"2023-12-05T09:06:57","slug":"one-way-stopcocks-din-12-541-kopie-kopie-kopie-kopie-kopie-kopie-kopie-kopie-kopie-kopie-kopie-kopie-kopie-kopie-kopie-kopie-kopie-kopie-kopie-kopie-kopie-ko-51","status":"publish","type":"product","link":"https:\/\/hofmann-glas.com\/en\/produkt\/one-way-stopcocks-din-12-541-kopie-kopie-kopie-kopie-kopie-kopie-kopie-kopie-kopie-kopie-kopie-kopie-kopie-kopie-kopie-kopie-kopie-kopie-kopie-kopie-kopie-ko-51\/","title":{"rendered":"Pycnometer acc.to Reisschauer"},"content":{"rendered":"","protected":false},"excerpt":{"rendered":"<p>DIN 12 801, class A, adjusted, with NS ground and poly stopper, pear-shaped<\/p>\n<p><a href=\"https:\/\/hofmann-glas.com\/wp-content\/uploads\/2023\/06\/30647.png\"><img loading=\"lazy\" decoding=\"async\" class=\"alignleft wp-image-7083 size-full\" src=\"https:\/\/hofmann-glas.com\/wp-content\/uploads\/2023\/06\/30647.png\" alt=\"\" width=\"184\" height=\"225\" srcset=\"https:\/\/hofmann-glas.com\/wp-content\/uploads\/2023\/06\/30647.png 184w, https:\/\/hofmann-glas.com\/wp-content\/uploads\/2023\/06\/30647-150x183.png 150w\" sizes=\"auto, (max-width: 184px) 100vw, 184px\" \/><\/a><\/p>\n<table border=\"0\" width=\"383\" cellspacing=\"0\" cellpadding=\"0\">\n<colgroup>\n<col width=\"69\" \/>\n<col width=\"140\" \/>\n<col span=\"2\" width=\"87\" \/><\/colgroup>\n<tbody>\n<tr>\n<td class=\"xl66\" width=\"69\" height=\"56\">Artikel-Nr. \/ Article-No.<\/td>\n<td class=\"xl66\" width=\"140\">Beschreibung<\/td>\n<td class=\"xl71\" width=\"87\">Volumen<br \/>\ncapacity<br \/>\nml<\/td>\n<td class=\"xl67\" width=\"87\">Schliff \/ Joint<br \/>\nNS<\/td>\n<\/tr>\n<tr>\n<td class=\"xl68\" height=\"17\">30647.29<\/td>\n<td class=\"xl68\">Pyknometer Reisschauer 10ml, NS7, Kl.A, genau justiert<\/td>\n<td class=\"xl70\" width=\"87\">10<\/td>\n<td class=\"xl69\">7\/16<\/td>\n<\/tr>\n<tr>\n<td class=\"xl68\" height=\"17\">30647.38<\/td>\n<td class=\"xl68\">Pyknometer Reisschauer 25ml, NS7, Kl.A, genau justiert<\/td>\n<td class=\"xl70\" width=\"87\">25<\/td>\n<td class=\"xl69\">7\/16<\/td>\n<\/tr>\n<tr>\n<td class=\"xl68\" height=\"17\">30647.50<\/td>\n<td class=\"xl68\">Pyknometer Reisschauer 50ml, NS7, Kl.A, genau justiert<\/td>\n<td class=\"xl70\" width=\"87\">50<\/td>\n<td class=\"xl69\">7\/16<\/td>\n<\/tr>\n<tr>\n<td class=\"xl68\" height=\"17\">30649.01<\/td>\n<td class=\"xl68\">Pyknometertrichter, kugelf\u00f6rming<\/td>\n<td class=\"xl70\" width=\"87\"><\/td>\n<td class=\"xl69\"><\/td>\n<\/tr>\n<tr>\n<td class=\"xl68\" height=\"17\">30650.01<\/td>\n<td class=\"xl68\">Ausblaskapillare f\u00fcr Pyknometer<\/td>\n<td class=\"xl70\" width=\"87\"><\/td>\n<td class=\"xl69\"><\/td>\n<\/tr>\n<\/tbody>\n<\/table>\n<p>Zubeh\u00f6r: Pyknometertrichter 30649.01<\/p>\n<p><a href=\"https:\/\/hofmann-glas.com\/wp-content\/uploads\/2023\/06\/30649.png\"><img loading=\"lazy\" decoding=\"async\" class=\"alignleft wp-image-7085 size-full\" src=\"https:\/\/hofmann-glas.com\/wp-content\/uploads\/2023\/06\/30649.png\" alt=\"\" width=\"184\" height=\"225\" srcset=\"https:\/\/hofmann-glas.com\/wp-content\/uploads\/2023\/06\/30649.png 184w, https:\/\/hofmann-glas.com\/wp-content\/uploads\/2023\/06\/30649-150x183.png 150w\" sizes=\"auto, (max-width: 184px) 100vw, 184px\" \/><\/a><\/p>\n<p><img loading=\"lazy\" decoding=\"async\" class=\"alignleft size-medium wp-image-7091\" src=\"https:\/\/hofmann-glas.com\/wp-content\/uploads\/2023\/06\/30649-01-300x250.jpg\" alt=\"\" width=\"300\" height=\"250\" srcset=\"https:\/\/hofmann-glas.com\/wp-content\/uploads\/2023\/06\/30649-01-300x250.jpg 300w, https:\/\/hofmann-glas.com\/wp-content\/uploads\/2023\/06\/30649-01-150x125.jpg 150w, https:\/\/hofmann-glas.com\/wp-content\/uploads\/2023\/06\/30649-01-500x417.jpg 500w, https:\/\/hofmann-glas.com\/wp-content\/uploads\/2023\/06\/30649-01-1024x853.jpg 1024w, https:\/\/hofmann-glas.com\/wp-content\/uploads\/2023\/06\/30649-01-768x640.jpg 768w, https:\/\/hofmann-glas.com\/wp-content\/uploads\/2023\/06\/30649-01-1536x1280.jpg 1536w, https:\/\/hofmann-glas.com\/wp-content\/uploads\/2023\/06\/30649-01-200x167.jpg 200w, https:\/\/hofmann-glas.com\/wp-content\/uploads\/2023\/06\/30649-01-400x333.jpg 400w, https:\/\/hofmann-glas.com\/wp-content\/uploads\/2023\/06\/30649-01-600x500.jpg 600w, https:\/\/hofmann-glas.com\/wp-content\/uploads\/2023\/06\/30649-01-800x666.jpg 800w, https:\/\/hofmann-glas.com\/wp-content\/uploads\/2023\/06\/30649-01-1200x1000.jpg 1200w, https:\/\/hofmann-glas.com\/wp-content\/uploads\/2023\/06\/30649-01.jpg 2048w\" sizes=\"auto, (max-width: 300px) 100vw, 300px\" \/><\/p>\n<p>&nbsp;<\/p>\n<p>&nbsp;<\/p>\n<p>&nbsp;<\/p>\n<p>&nbsp;<\/p>\n<p>&nbsp;<\/p>\n<p>&nbsp;<\/p>\n<p>&nbsp;<\/p>\n<p>Zubeh\u00f6r: Ausblaskapillare 30650.01<\/p>\n<p><a href=\"https:\/\/hofmann-glas.com\/wp-content\/uploads\/2023\/06\/30650.png\"><img loading=\"lazy\" decoding=\"async\" class=\"alignleft wp-image-7087 size-full\" src=\"https:\/\/hofmann-glas.com\/wp-content\/uploads\/2023\/06\/30650.png\" alt=\"\" width=\"184\" height=\"225\" srcset=\"https:\/\/hofmann-glas.com\/wp-content\/uploads\/2023\/06\/30650.png 184w, https:\/\/hofmann-glas.com\/wp-content\/uploads\/2023\/06\/30650-150x183.png 150w\" sizes=\"auto, (max-width: 184px) 100vw, 184px\" \/><\/a><\/p>\n<p><img loading=\"lazy\" decoding=\"async\" class=\"alignleft size-medium wp-image-7093\" src=\"https:\/\/hofmann-glas.com\/wp-content\/uploads\/2023\/06\/30650-01-300x243.jpg\" alt=\"\" width=\"300\" height=\"243\" srcset=\"https:\/\/hofmann-glas.com\/wp-content\/uploads\/2023\/06\/30650-01-300x243.jpg 300w, https:\/\/hofmann-glas.com\/wp-content\/uploads\/2023\/06\/30650-01-150x121.jpg 150w, https:\/\/hofmann-glas.com\/wp-content\/uploads\/2023\/06\/30650-01-500x405.jpg 500w, https:\/\/hofmann-glas.com\/wp-content\/uploads\/2023\/06\/30650-01-1024x829.jpg 1024w, https:\/\/hofmann-glas.com\/wp-content\/uploads\/2023\/06\/30650-01-768x621.jpg 768w, https:\/\/hofmann-glas.com\/wp-content\/uploads\/2023\/06\/30650-01-1536x1243.jpg 1536w, https:\/\/hofmann-glas.com\/wp-content\/uploads\/2023\/06\/30650-01-200x162.jpg 200w, https:\/\/hofmann-glas.com\/wp-content\/uploads\/2023\/06\/30650-01-400x324.jpg 400w, https:\/\/hofmann-glas.com\/wp-content\/uploads\/2023\/06\/30650-01-600x485.jpg 600w, https:\/\/hofmann-glas.com\/wp-content\/uploads\/2023\/06\/30650-01-800x647.jpg 800w, https:\/\/hofmann-glas.com\/wp-content\/uploads\/2023\/06\/30650-01-1200x971.jpg 1200w, https:\/\/hofmann-glas.com\/wp-content\/uploads\/2023\/06\/30650-01-177x142.jpg 177w, https:\/\/hofmann-glas.com\/wp-content\/uploads\/2023\/06\/30650-01.jpg 2048w\" sizes=\"auto, (max-width: 300px) 100vw, 300px\" \/><\/p>\n","protected":false},"featured_media":7090,"template":"","meta":[],"product_brand":[],"product_cat":[217],"product_tag":[],"class_list":{"0":"post-7082","1":"product","2":"type-product","3":"status-publish","4":"has-post-thumbnail","6":"product_cat-volumetric-glassware","8":"first","9":"instock","10":"taxable","11":"shipping-taxable","12":"product-type-simple"},"yoast_head":"<!-- This site is optimized with the Yoast SEO plugin v27.3 - https:\/\/yoast.com\/product\/yoast-seo-wordpress\/ -->\n<title>Pycnometer acc.to Reisschauer - Hofmann Glastechnik<\/title>\n<meta name=\"robots\" content=\"index, follow, max-snippet:-1, max-image-preview:large, max-video-preview:-1\" \/>\n<link rel=\"canonical\" href=\"https:\/\/hofmann-glas.com\/en\/produkt\/one-way-stopcocks-din-12-541-kopie-kopie-kopie-kopie-kopie-kopie-kopie-kopie-kopie-kopie-kopie-kopie-kopie-kopie-kopie-kopie-kopie-kopie-kopie-kopie-kopie-ko-51\/\" \/>\n<meta property=\"og:locale\" content=\"en_US\" \/>\n<meta property=\"og:type\" content=\"article\" \/>\n<meta property=\"og:title\" content=\"Pycnometer acc.to Reisschauer - Hofmann Glastechnik\" \/>\n<meta property=\"og:description\" content=\"DIN 12 801, class A, adjusted, with NS ground and poly stopper, pear-shaped        Artikel-Nr. \/ Article-No. Beschreibung Volumen capacity ml Schliff \/ Joint NS   30647.29 Pyknometer Reisschauer 10ml, NS7, Kl.A, genau justiert 10 7\/16   30647.38 Pyknometer Reisschauer 25ml, NS7, Kl.A, genau justiert 25 7\/16   30647.50 Pyknometer Reisschauer 50ml, NS7, Kl.A, genau justiert 50 7\/16   30649.01 Pyknometertrichter, kugelf\u00f6rming     30650.01 Ausblaskapillare f\u00fcr Pyknometer      Zubeh\u00f6r: Pyknometertrichter 30649.01      &nbsp;  &nbsp;  &nbsp;  &nbsp;  &nbsp;  &nbsp;  &nbsp;  Zubeh\u00f6r: Ausblaskapillare 30650.01\" \/>\n<meta property=\"og:url\" content=\"https:\/\/hofmann-glas.com\/en\/produkt\/one-way-stopcocks-din-12-541-kopie-kopie-kopie-kopie-kopie-kopie-kopie-kopie-kopie-kopie-kopie-kopie-kopie-kopie-kopie-kopie-kopie-kopie-kopie-kopie-kopie-ko-51\/\" \/>\n<meta property=\"og:site_name\" content=\"Hofmann Glastechnik\" \/>\n<meta property=\"article:publisher\" content=\"https:\/\/www.facebook.com\/hofmannglastechnik\" \/>\n<meta property=\"article:modified_time\" content=\"2023-12-05T09:06:57+00:00\" \/>\n<meta property=\"og:image\" content=\"https:\/\/hofmann-glas.com\/wp-content\/uploads\/2023\/06\/30647-50.jpg\" \/>\n\t<meta property=\"og:image:width\" content=\"2048\" \/>\n\t<meta property=\"og:image:height\" content=\"1614\" \/>\n\t<meta property=\"og:image:type\" content=\"image\/jpeg\" \/>\n<meta name=\"twitter:card\" content=\"summary_large_image\" \/>\n<script type=\"application\/ld+json\" class=\"yoast-schema-graph\">{\"@context\":\"https:\\\/\\\/schema.org\",\"@graph\":[{\"@type\":\"WebPage\",\"@id\":\"https:\\\/\\\/hofmann-glas.com\\\/en\\\/produkt\\\/one-way-stopcocks-din-12-541-kopie-kopie-kopie-kopie-kopie-kopie-kopie-kopie-kopie-kopie-kopie-kopie-kopie-kopie-kopie-kopie-kopie-kopie-kopie-kopie-kopie-ko-51\\\/\",\"url\":\"https:\\\/\\\/hofmann-glas.com\\\/en\\\/produkt\\\/one-way-stopcocks-din-12-541-kopie-kopie-kopie-kopie-kopie-kopie-kopie-kopie-kopie-kopie-kopie-kopie-kopie-kopie-kopie-kopie-kopie-kopie-kopie-kopie-kopie-ko-51\\\/\",\"name\":\"Pycnometer acc.to Reisschauer - Hofmann Glastechnik\",\"isPartOf\":{\"@id\":\"https:\\\/\\\/hofmann-glas.com\\\/#website\"},\"primaryImageOfPage\":{\"@id\":\"https:\\\/\\\/hofmann-glas.com\\\/en\\\/produkt\\\/one-way-stopcocks-din-12-541-kopie-kopie-kopie-kopie-kopie-kopie-kopie-kopie-kopie-kopie-kopie-kopie-kopie-kopie-kopie-kopie-kopie-kopie-kopie-kopie-kopie-ko-51\\\/#primaryimage\"},\"image\":{\"@id\":\"https:\\\/\\\/hofmann-glas.com\\\/en\\\/produkt\\\/one-way-stopcocks-din-12-541-kopie-kopie-kopie-kopie-kopie-kopie-kopie-kopie-kopie-kopie-kopie-kopie-kopie-kopie-kopie-kopie-kopie-kopie-kopie-kopie-kopie-ko-51\\\/#primaryimage\"},\"thumbnailUrl\":\"https:\\\/\\\/hofmann-glas.com\\\/wp-content\\\/uploads\\\/2023\\\/06\\\/30647-50.jpg\",\"datePublished\":\"2023-06-28T10:18:46+00:00\",\"dateModified\":\"2023-12-05T09:06:57+00:00\",\"breadcrumb\":{\"@id\":\"https:\\\/\\\/hofmann-glas.com\\\/en\\\/produkt\\\/one-way-stopcocks-din-12-541-kopie-kopie-kopie-kopie-kopie-kopie-kopie-kopie-kopie-kopie-kopie-kopie-kopie-kopie-kopie-kopie-kopie-kopie-kopie-kopie-kopie-ko-51\\\/#breadcrumb\"},\"inLanguage\":\"en-US\",\"potentialAction\":[{\"@type\":\"ReadAction\",\"target\":[\"https:\\\/\\\/hofmann-glas.com\\\/en\\\/produkt\\\/one-way-stopcocks-din-12-541-kopie-kopie-kopie-kopie-kopie-kopie-kopie-kopie-kopie-kopie-kopie-kopie-kopie-kopie-kopie-kopie-kopie-kopie-kopie-kopie-kopie-ko-51\\\/\"]}]},{\"@type\":\"ImageObject\",\"inLanguage\":\"en-US\",\"@id\":\"https:\\\/\\\/hofmann-glas.com\\\/en\\\/produkt\\\/one-way-stopcocks-din-12-541-kopie-kopie-kopie-kopie-kopie-kopie-kopie-kopie-kopie-kopie-kopie-kopie-kopie-kopie-kopie-kopie-kopie-kopie-kopie-kopie-kopie-ko-51\\\/#primaryimage\",\"url\":\"https:\\\/\\\/hofmann-glas.com\\\/wp-content\\\/uploads\\\/2023\\\/06\\\/30647-50.jpg\",\"contentUrl\":\"https:\\\/\\\/hofmann-glas.com\\\/wp-content\\\/uploads\\\/2023\\\/06\\\/30647-50.jpg\",\"width\":2048,\"height\":1614},{\"@type\":\"BreadcrumbList\",\"@id\":\"https:\\\/\\\/hofmann-glas.com\\\/en\\\/produkt\\\/one-way-stopcocks-din-12-541-kopie-kopie-kopie-kopie-kopie-kopie-kopie-kopie-kopie-kopie-kopie-kopie-kopie-kopie-kopie-kopie-kopie-kopie-kopie-kopie-kopie-ko-51\\\/#breadcrumb\",\"itemListElement\":[{\"@type\":\"ListItem\",\"position\":1,\"name\":\"Startseite\",\"item\":\"https:\\\/\\\/hofmann-glas.com\\\/en\\\/\"},{\"@type\":\"ListItem\",\"position\":2,\"name\":\"Products\",\"item\":\"https:\\\/\\\/hofmann-glas.com\\\/produkte\\\/\"},{\"@type\":\"ListItem\",\"position\":3,\"name\":\"Pycnometer acc.to Reisschauer\"}]},{\"@type\":\"WebSite\",\"@id\":\"https:\\\/\\\/hofmann-glas.com\\\/#website\",\"url\":\"https:\\\/\\\/hofmann-glas.com\\\/\",\"name\":\"Hofmann Glastechnik\",\"description\":\"\",\"publisher\":{\"@id\":\"https:\\\/\\\/hofmann-glas.com\\\/#organization\"},\"potentialAction\":[{\"@type\":\"SearchAction\",\"target\":{\"@type\":\"EntryPoint\",\"urlTemplate\":\"https:\\\/\\\/hofmann-glas.com\\\/?s={search_term_string}\"},\"query-input\":{\"@type\":\"PropertyValueSpecification\",\"valueRequired\":true,\"valueName\":\"search_term_string\"}}],\"inLanguage\":\"en-US\"},{\"@type\":\"Organization\",\"@id\":\"https:\\\/\\\/hofmann-glas.com\\\/#organization\",\"name\":\"Hofmann Glastechnik GmbH\",\"url\":\"https:\\\/\\\/hofmann-glas.com\\\/\",\"logo\":{\"@type\":\"ImageObject\",\"inLanguage\":\"en-US\",\"@id\":\"https:\\\/\\\/hofmann-glas.com\\\/#\\\/schema\\\/logo\\\/image\\\/\",\"url\":\"https:\\\/\\\/hofmann-glas.com\\\/wp-content\\\/uploads\\\/2024\\\/03\\\/Logo_HofmannGlastechnik_HP.png\",\"contentUrl\":\"https:\\\/\\\/hofmann-glas.com\\\/wp-content\\\/uploads\\\/2024\\\/03\\\/Logo_HofmannGlastechnik_HP.png\",\"width\":2419,\"height\":548,\"caption\":\"Hofmann Glastechnik GmbH\"},\"image\":{\"@id\":\"https:\\\/\\\/hofmann-glas.com\\\/#\\\/schema\\\/logo\\\/image\\\/\"},\"sameAs\":[\"https:\\\/\\\/www.facebook.com\\\/hofmannglastechnik\",\"https:\\\/\\\/www.youtube.com\\\/channel\\\/UCgBpeUEt6MJhI3zdU51RfFA\"]}]}<\/script>\n<!-- \/ Yoast SEO plugin. -->","yoast_head_json":{"title":"Pycnometer acc.to Reisschauer - Hofmann Glastechnik","robots":{"index":"index","follow":"follow","max-snippet":"max-snippet:-1","max-image-preview":"max-image-preview:large","max-video-preview":"max-video-preview:-1"},"canonical":"https:\/\/hofmann-glas.com\/en\/produkt\/one-way-stopcocks-din-12-541-kopie-kopie-kopie-kopie-kopie-kopie-kopie-kopie-kopie-kopie-kopie-kopie-kopie-kopie-kopie-kopie-kopie-kopie-kopie-kopie-kopie-ko-51\/","og_locale":"en_US","og_type":"article","og_title":"Pycnometer acc.to Reisschauer - Hofmann Glastechnik","og_description":"DIN 12 801, class A, adjusted, with NS ground and poly stopper, pear-shaped        Artikel-Nr. \/ Article-No. Beschreibung Volumen capacity ml Schliff \/ Joint NS   30647.29 Pyknometer Reisschauer 10ml, NS7, Kl.A, genau justiert 10 7\/16   30647.38 Pyknometer Reisschauer 25ml, NS7, Kl.A, genau justiert 25 7\/16   30647.50 Pyknometer Reisschauer 50ml, NS7, Kl.A, genau justiert 50 7\/16   30649.01 Pyknometertrichter, kugelf\u00f6rming     30650.01 Ausblaskapillare f\u00fcr Pyknometer      Zubeh\u00f6r: Pyknometertrichter 30649.01      &nbsp;  &nbsp;  &nbsp;  &nbsp;  &nbsp;  &nbsp;  &nbsp;  Zubeh\u00f6r: Ausblaskapillare 30650.01","og_url":"https:\/\/hofmann-glas.com\/en\/produkt\/one-way-stopcocks-din-12-541-kopie-kopie-kopie-kopie-kopie-kopie-kopie-kopie-kopie-kopie-kopie-kopie-kopie-kopie-kopie-kopie-kopie-kopie-kopie-kopie-kopie-ko-51\/","og_site_name":"Hofmann Glastechnik","article_publisher":"https:\/\/www.facebook.com\/hofmannglastechnik","article_modified_time":"2023-12-05T09:06:57+00:00","og_image":[{"width":2048,"height":1614,"url":"https:\/\/hofmann-glas.com\/wp-content\/uploads\/2023\/06\/30647-50.jpg","type":"image\/jpeg"}],"twitter_card":"summary_large_image","schema":{"@context":"https:\/\/schema.org","@graph":[{"@type":"WebPage","@id":"https:\/\/hofmann-glas.com\/en\/produkt\/one-way-stopcocks-din-12-541-kopie-kopie-kopie-kopie-kopie-kopie-kopie-kopie-kopie-kopie-kopie-kopie-kopie-kopie-kopie-kopie-kopie-kopie-kopie-kopie-kopie-ko-51\/","url":"https:\/\/hofmann-glas.com\/en\/produkt\/one-way-stopcocks-din-12-541-kopie-kopie-kopie-kopie-kopie-kopie-kopie-kopie-kopie-kopie-kopie-kopie-kopie-kopie-kopie-kopie-kopie-kopie-kopie-kopie-kopie-ko-51\/","name":"Pycnometer acc.to Reisschauer - Hofmann Glastechnik","isPartOf":{"@id":"https:\/\/hofmann-glas.com\/#website"},"primaryImageOfPage":{"@id":"https:\/\/hofmann-glas.com\/en\/produkt\/one-way-stopcocks-din-12-541-kopie-kopie-kopie-kopie-kopie-kopie-kopie-kopie-kopie-kopie-kopie-kopie-kopie-kopie-kopie-kopie-kopie-kopie-kopie-kopie-kopie-ko-51\/#primaryimage"},"image":{"@id":"https:\/\/hofmann-glas.com\/en\/produkt\/one-way-stopcocks-din-12-541-kopie-kopie-kopie-kopie-kopie-kopie-kopie-kopie-kopie-kopie-kopie-kopie-kopie-kopie-kopie-kopie-kopie-kopie-kopie-kopie-kopie-ko-51\/#primaryimage"},"thumbnailUrl":"https:\/\/hofmann-glas.com\/wp-content\/uploads\/2023\/06\/30647-50.jpg","datePublished":"2023-06-28T10:18:46+00:00","dateModified":"2023-12-05T09:06:57+00:00","breadcrumb":{"@id":"https:\/\/hofmann-glas.com\/en\/produkt\/one-way-stopcocks-din-12-541-kopie-kopie-kopie-kopie-kopie-kopie-kopie-kopie-kopie-kopie-kopie-kopie-kopie-kopie-kopie-kopie-kopie-kopie-kopie-kopie-kopie-ko-51\/#breadcrumb"},"inLanguage":"en-US","potentialAction":[{"@type":"ReadAction","target":["https:\/\/hofmann-glas.com\/en\/produkt\/one-way-stopcocks-din-12-541-kopie-kopie-kopie-kopie-kopie-kopie-kopie-kopie-kopie-kopie-kopie-kopie-kopie-kopie-kopie-kopie-kopie-kopie-kopie-kopie-kopie-ko-51\/"]}]},{"@type":"ImageObject","inLanguage":"en-US","@id":"https:\/\/hofmann-glas.com\/en\/produkt\/one-way-stopcocks-din-12-541-kopie-kopie-kopie-kopie-kopie-kopie-kopie-kopie-kopie-kopie-kopie-kopie-kopie-kopie-kopie-kopie-kopie-kopie-kopie-kopie-kopie-ko-51\/#primaryimage","url":"https:\/\/hofmann-glas.com\/wp-content\/uploads\/2023\/06\/30647-50.jpg","contentUrl":"https:\/\/hofmann-glas.com\/wp-content\/uploads\/2023\/06\/30647-50.jpg","width":2048,"height":1614},{"@type":"BreadcrumbList","@id":"https:\/\/hofmann-glas.com\/en\/produkt\/one-way-stopcocks-din-12-541-kopie-kopie-kopie-kopie-kopie-kopie-kopie-kopie-kopie-kopie-kopie-kopie-kopie-kopie-kopie-kopie-kopie-kopie-kopie-kopie-kopie-ko-51\/#breadcrumb","itemListElement":[{"@type":"ListItem","position":1,"name":"Startseite","item":"https:\/\/hofmann-glas.com\/en\/"},{"@type":"ListItem","position":2,"name":"Products","item":"https:\/\/hofmann-glas.com\/produkte\/"},{"@type":"ListItem","position":3,"name":"Pycnometer acc.to Reisschauer"}]},{"@type":"WebSite","@id":"https:\/\/hofmann-glas.com\/#website","url":"https:\/\/hofmann-glas.com\/","name":"Hofmann Glastechnik","description":"","publisher":{"@id":"https:\/\/hofmann-glas.com\/#organization"},"potentialAction":[{"@type":"SearchAction","target":{"@type":"EntryPoint","urlTemplate":"https:\/\/hofmann-glas.com\/?s={search_term_string}"},"query-input":{"@type":"PropertyValueSpecification","valueRequired":true,"valueName":"search_term_string"}}],"inLanguage":"en-US"},{"@type":"Organization","@id":"https:\/\/hofmann-glas.com\/#organization","name":"Hofmann Glastechnik GmbH","url":"https:\/\/hofmann-glas.com\/","logo":{"@type":"ImageObject","inLanguage":"en-US","@id":"https:\/\/hofmann-glas.com\/#\/schema\/logo\/image\/","url":"https:\/\/hofmann-glas.com\/wp-content\/uploads\/2024\/03\/Logo_HofmannGlastechnik_HP.png","contentUrl":"https:\/\/hofmann-glas.com\/wp-content\/uploads\/2024\/03\/Logo_HofmannGlastechnik_HP.png","width":2419,"height":548,"caption":"Hofmann Glastechnik GmbH"},"image":{"@id":"https:\/\/hofmann-glas.com\/#\/schema\/logo\/image\/"},"sameAs":["https:\/\/www.facebook.com\/hofmannglastechnik","https:\/\/www.youtube.com\/channel\/UCgBpeUEt6MJhI3zdU51RfFA"]}]}},"_links":{"self":[{"href":"https:\/\/hofmann-glas.com\/en\/wp-json\/wp\/v2\/product\/7082","targetHints":{"allow":["GET"]}}],"collection":[{"href":"https:\/\/hofmann-glas.com\/en\/wp-json\/wp\/v2\/product"}],"about":[{"href":"https:\/\/hofmann-glas.com\/en\/wp-json\/wp\/v2\/types\/product"}],"wp:featuredmedia":[{"embeddable":true,"href":"https:\/\/hofmann-glas.com\/en\/wp-json\/wp\/v2\/media\/7090"}],"wp:attachment":[{"href":"https:\/\/hofmann-glas.com\/en\/wp-json\/wp\/v2\/media?parent=7082"}],"wp:term":[{"taxonomy":"product_brand","embeddable":true,"href":"https:\/\/hofmann-glas.com\/en\/wp-json\/wp\/v2\/product_brand?post=7082"},{"taxonomy":"product_cat","embeddable":true,"href":"https:\/\/hofmann-glas.com\/en\/wp-json\/wp\/v2\/product_cat?post=7082"},{"taxonomy":"product_tag","embeddable":true,"href":"https:\/\/hofmann-glas.com\/en\/wp-json\/wp\/v2\/product_tag?post=7082"}],"curies":[{"name":"wp","href":"https:\/\/api.w.org\/{rel}","templated":true}]}}